{"id":3,"date":"2020-07-23T16:33:37","date_gmt":"2020-07-23T14:33:37","guid":{"rendered":"https:\/\/activitybooking-wp.midaticket.it\/?page_id=3"},"modified":"2025-07-29T12:35:32","modified_gmt":"2025-07-29T10:35:32","slug":"privacy-policy","status":"publish","type":"page","link":"https:\/\/ticket.museosansevero.it\/fr\/privacy-policy\/","title":{"rendered":"Politique de confidentialit\u00e9"},"content":{"rendered":"<h2 class=\"entry-title\">Audioguida gruppi ABBONAMENTI<\/h2><p><strong>MUSEO CAPPELLA SANSEVERO s.r.l.<\/strong>, C.F. et P.I. 07055380633, dont le si\u00e8ge est \u00e0 Naples, Via Francesco De Sanctis 19 (ci-apr\u00e8s \u00ab\u00a0TITULAIRE\u00a0\u00bb), en tant que Responsable du traitement des donn\u00e9es, informe conform\u00e9ment \u00e0 l\u2019art. 13 R\u00e8glement europ\u00e9en 2016\/679 en mati\u00e8re de traitement des donn\u00e9es (ci-apr\u00e8s, \u00ab\u00a0GDPR\u00a0\u00bb) que vos donn\u00e9es seront trait\u00e9es selon les modalit\u00e9s et pour les finalit\u00e9s indiqu\u00e9es ci-dessous.<\/p>\n<p>Dans le cadre de la protection des donn\u00e9es personnelles, Museo Cappella Sansevero s.r.l. fournit aux clients des informations sur : l\u2019objet du traitement, les finalit\u00e9s du traitement, les modalit\u00e9s de traitement des donn\u00e9es, l\u2019acc\u00e8s aux donn\u00e9es, la nature des donn\u00e9es trait\u00e9es, le responsable du traitement, responsable du traitement, communication et diffusion des donn\u00e9es, droits des personnes concern\u00e9es.<\/p>\n<p><strong>ART. 1 &#8211; Traitement des donn\u00e9es personnelles<\/strong><\/p>\n<p>Conform\u00e9ment au r\u00e8glement europ\u00e9en 2016\/679 en mati\u00e8re de protection des donn\u00e9es personnelles, Museo Cappella Sansevero s.r.l. garantit le respect de la r\u00e9glementation en mati\u00e8re de protection des donn\u00e9es \u00e0 caract\u00e8re personnel, qui seront utilis\u00e9s exclusivement pour l\u2019ex\u00e9cution des activit\u00e9s de relation avec le Client et ne seront pas c\u00e9d\u00e9s \u00e0 des tiers.<\/p>\n<p><strong>ART. 2 &#8211; Responsable du traitement<\/strong><\/p>\n<p>Le titulaire du traitement des donn\u00e9es collect\u00e9es est <strong>MUSEO CAPPELLA SANSEVERO s.r.l.<\/strong>, C.F. et P.I. : 07055380633, dont le si\u00e8ge se trouve \u00e0 Via Francesco De Sanctis 19 &#8211; 80134 Naples,<br \/>\nT\u00e9l\u00e9phone : +39.081.5524936 &#8211; Mail : <a href=\"mailto:info@museosansevero.it\"><strong>info@museosansevero.it<\/strong><\/a><\/p>\n<p><strong>ART. 3 &#8211; Responsable du traitement<\/strong><\/p>\n<p>Le responsable du traitement est:<\/p>\n<ul>\n<li>Maria Alessandra Masucci, n\u00e9e \u00e0 Naples le 14\/02\/1975, pr\u00e9sidente et repr\u00e9sentante l\u00e9gale de Museo Cappella Sansevero s.r.l., t\u00e9l. : +39.0815524936, e-mail : <a href=\"mailto:info@museosansevero.it\"><strong>info@museosansevero.it<\/strong><\/a>;<\/li>\n<\/ul>\n<p><strong>ART. 4 &#8211; Finalit\u00e9 du traitement<\/strong><\/p>\n<p>Le traitement des donn\u00e9es personnelles vise \u00e0 atteindre les objectifs suivants:<\/p>\n<ol>\n<li>garantir la bonne prestation des services demand\u00e9s via le Site et, par cons\u00e9quent, pour remplir de mani\u00e8re correcte et ponctuelle toutes les obligations d\u00e9coulant de la relation contractuelle instaur\u00e9e ainsi que les obligations d\u00e9coulant de la loi ou des r\u00e8glements en vigueur ;<\/li>\n<li>des finalit\u00e9s de type administratif et comptable, y compris la transmission \u00e9ventuelle par courrier \u00e9lectronique de factures commerciales par Museo Cappella Sansevero s.r.l. et\/ou des soci\u00e9t\u00e9s li\u00e9es \u00e0 celle-ci dans la fourniture du service. <\/li>\n<li>envoi par e-mail de la newsletter sur les activit\u00e9s du Mus\u00e9e Cappella Sansevero.<\/li>\n<\/ol>\n<p><strong>ART. 5 &#8211; Tipologia di dati trattati e raccolti                                                        <\/strong><\/p>\n<p>Le responsable du traitement traitera les donn\u00e9es personnelles suivantes :<br \/>\n&#8211; Donn\u00e9es personnelles et de contact.<\/p>\n<p><strong>ART. 6 &#8211; Base juridique du traitement<\/strong><\/p>\n<p>La base juridique du pr\u00e9sent traitement est le consentement donn\u00e9 par l\u2019int\u00e9ress\u00e9, mais le refus de fournir les donn\u00e9es entra\u00eene l\u2019impossibilit\u00e9 de conclure le contrat.<\/p>\n<p>Il est entendu que le consentement au traitement des donn\u00e9es pour la finalit\u00e9 indiqu\u00e9e \u00e0 l\u2019art. 4.3 (service de newsletter) est purement facultatif; par cons\u00e9quent, en cas de refus \u00e9ventuel au traitement pour la finalit\u00e9 susmentionn\u00e9e, les donn\u00e9es seront trait\u00e9es uniquement aux fins indiqu\u00e9es \u00e0 l\u2019art. 4.1 (bonne ex\u00e9cution de la relation contractuelle) et art. 4.2 (activit\u00e9 administrative et comptable).<\/p>\n<p><strong>ART. 7 &#8211; Acc\u00e8s aux donn\u00e9es<\/strong><\/p>\n<p>Les donn\u00e9es collect\u00e9es pourront \u00eatre rendues accessibles, aux fins expos\u00e9es par la pr\u00e9sente note d\u2019information :<\/p>\n<ul>\n<li>aux employ\u00e9s et collaborateurs du Titulaire charg\u00e9s de la gestion des activit\u00e9s administratives et comptables ;<\/li>\n<li>\u00e0 des soci\u00e9t\u00e9s tierces ou d\u2019autres sujets (cabinets professionnels, consultants, etc.) qui effectuent des activit\u00e9s en sous-traitance pour le compte du Titulaire, en leur qualit\u00e9 de responsables externes du traitement. <\/li>\n<\/ul>\n<p><strong>ART. 8 &#8211; Diffusion des donn\u00e9es   <\/strong><\/p>\n<p>Les donn\u00e9es personnelles collect\u00e9es ne seront pas divulgu\u00e9es \u00e0 des tiers non autoris\u00e9s par le titulaire et pourront \u00eatre pr\u00e9sent\u00e9es uniquement sur demande de l\u2019autorit\u00e9 judiciaire, financi\u00e8re et du garant, ainsi qu\u2019\u00e0 toutes les autres personnes auxquelles la communication est obligatoire par loi.<\/p>\n<p>Ces entit\u00e9s traiteront les donn\u00e9es en leur qualit\u00e9 de responsables du traitement autonomes.<\/p>\n<p><strong>ART. 9 &#8211; Conservation et transfert des donn\u00e9es <\/strong><\/p>\n<p>Les donn\u00e9es personnelles sont conserv\u00e9es sur des serveurs situ\u00e9s dans l\u2019Union europ\u00e9enne. Il est entendu que le titulaire, si n\u00e9cessaire, aura la possibilit\u00e9 de d\u00e9placer les donn\u00e9es et \/ ou les serveurs \u00e9galement hors UE. Dans ce cas, le Responsable du traitement garantit d\u00e8s \u00e0 pr\u00e9sent que le transfert des donn\u00e9es hors de l\u2019UE se fera conform\u00e9ment aux dispositions l\u00e9gales applicables, apr\u00e8s la conclusion des clauses contractuelles standard pr\u00e9vues par la Commission europ\u00e9enne.<\/p>\n<p><strong>ART. 10 &#8211;<\/strong> <strong>Dur\u00e9e de conservation <\/strong><\/p>\n<p>Les donn\u00e9es seront conserv\u00e9es pendant la dur\u00e9e n\u00e9cessaire \u00e0 l\u2019ex\u00e9cution du contrat et, dans tous les cas, pour une dur\u00e9e maximale de 10 ans, conform\u00e9ment aux obligations administratives et comptables pr\u00e9vues par la loi.<\/p>\n<p><strong>ART. 11 &#8211; Droits des personnes concern\u00e9es<\/strong><\/p>\n<p>\u00c0 tout moment, l\u2019utilisateur peut exercer ses droits envers le Responsable du traitement, conform\u00e9ment au r\u00e8glement europ\u00e9en 2016\/679 sur la protection des donn\u00e9es personnelles.<\/p>\n<p>L\u2019Utilisateur, en tant que personne concern\u00e9e, a les droits pr\u00e9vus \u00e0 l\u2019art. 15 du R\u00e8glement europ\u00e9en 2016\/679 en mati\u00e8re de traitement des donn\u00e9es personnelles, et plus pr\u00e9cis\u00e9ment le droit de:<\/p>\n<ul>\n<li>acc\u00e8s<\/li>\n<li>rectification ;<\/li>\n<li>suppression<\/li>\n<li>r\u00e9voquer le consentement ;<\/li>\n<li>limitation du traitement ;<\/li>\n<li>opposition au traitement des donn\u00e9es<\/li>\n<li>portabilit\u00e9. <\/li>\n<\/ul>\n<p>La personne concern\u00e9e peut \u00e0 tout moment exercer ses droits en envoyant un e-mail \u00e0 l\u2019adresse info@museosansevero.it ;<br \/>\nLes demandes sont d\u00e9pos\u00e9es gratuitement et trait\u00e9es par le Titulaire dans les plus brefs d\u00e9lais.<\/p>\n<div class=\"button-container\"><a class=\"entry-button cta-button\" href=\"https:\/\/ticket.museosansevero.it\/fr\/?page_id=11320\">En savoir plus<\/a><\/div>","protected":false},"excerpt":{"rendered":"<p>Audioguida gruppi ABBONAMENTIMUSEO CAPPELLA SANSEVERO s.r.l., C.F. et P.I. 07055380633, dont le si\u00e8ge est \u00e0 Naples, Via Francesco De Sanctis 19 (ci-apr\u00e8s \u00ab\u00a0TITULAIRE\u00a0\u00bb), en tant que Responsable du traitement des donn\u00e9es, informe conform\u00e9ment \u00e0 l\u2019art. 13 R\u00e8glement europ\u00e9en 2016\/679 en mati\u00e8re de traitement des donn\u00e9es (ci-apr\u00e8s, \u00ab\u00a0GDPR\u00a0\u00bb) que vos donn\u00e9es <a class=\"modal-link\" href=\"https:\/\/ticket.museosansevero.it\/fr\/privacy-policy\/\" data-post-id=\"3\">Lire la suite<\/a><\/p>\n","protected":false},"author":3,"featured_media":0,"parent":0,"menu_order":0,"comment_status":"closed","ping_status":"closed","template":"","meta":{"_acf_changed":false,"footnotes":""},"class_list":["post-3","page","type-page","status-publish","h-entry","hentry","h-as-page"],"acf":[],"_links":{"self":[{"href":"https:\/\/ticket.museosansevero.it\/fr\/wp-json\/wp\/v2\/pages\/3","targetHints":{"allow":["GET"]}}],"collection":[{"href":"https:\/\/ticket.museosansevero.it\/fr\/wp-json\/wp\/v2\/pages"}],"about":[{"href":"https:\/\/ticket.museosansevero.it\/fr\/wp-json\/wp\/v2\/types\/page"}],"author":[{"embeddable":true,"href":"https:\/\/ticket.museosansevero.it\/fr\/wp-json\/wp\/v2\/users\/3"}],"replies":[{"embeddable":true,"href":"https:\/\/ticket.museosansevero.it\/fr\/wp-json\/wp\/v2\/comments?post=3"}],"version-history":[{"count":5,"href":"https:\/\/ticket.museosansevero.it\/fr\/wp-json\/wp\/v2\/pages\/3\/revisions"}],"predecessor-version":[{"id":10332,"href":"https:\/\/ticket.museosansevero.it\/fr\/wp-json\/wp\/v2\/pages\/3\/revisions\/10332"}],"wp:attachment":[{"href":"https:\/\/ticket.museosansevero.it\/fr\/wp-json\/wp\/v2\/media?parent=3"}],"curies":[{"name":"wp","href":"https:\/\/api.w.org\/{rel}","templated":true}]}}