{"id":8769,"date":"2021-02-12T17:05:05","date_gmt":"2021-02-12T16:05:05","guid":{"rendered":"https:\/\/wpvo.test\/?page_id=8769"},"modified":"2025-02-06T15:35:45","modified_gmt":"2025-02-06T14:35:45","slug":"contattaci","status":"publish","type":"page","link":"https:\/\/ticket.museosansevero.it\/fr\/contattaci\/","title":{"rendered":"Nous contacter"},"content":{"rendered":"<h2 class=\"entry-title\">Audioguida gruppi ABBONAMENTI<\/h2><p>\n<div class=\"wpcf7 no-js\" id=\"wpcf7-f10395-o3\" lang=\"it-IT\" dir=\"ltr\" data-wpcf7-id=\"10395\">\n<div class=\"screen-reader-response\"><p role=\"status\" aria-live=\"polite\" aria-atomic=\"true\"><\/p> <ul><\/ul><\/div>\n<form action=\"\/fr\/wp-json\/wp\/v2\/pages\/8769#wpcf7-f10395-o3\" method=\"post\" class=\"wpcf7-form init\" aria-label=\"Modulo di contatto\" novalidate=\"novalidate\" data-status=\"init\">\n<fieldset class=\"hidden-fields-container\"><input type=\"hidden\" name=\"_wpcf7\" value=\"10395\" \/><input type=\"hidden\" name=\"_wpcf7_version\" value=\"6.1.5\" \/><input type=\"hidden\" name=\"_wpcf7_locale\" value=\"it_IT\" \/><input type=\"hidden\" name=\"_wpcf7_unit_tag\" value=\"wpcf7-f10395-o3\" \/><input type=\"hidden\" name=\"_wpcf7_container_post\" value=\"0\" \/><input type=\"hidden\" name=\"_wpcf7_posted_data_hash\" value=\"\" \/><input type=\"hidden\" name=\"_wpcf7_recaptcha_response\" value=\"\" \/>\n<\/fieldset>\n<p><label> Cat\u00e9gorie Billets<br \/>\n<span class=\"wpcf7-form-control-wrap\" data-name=\"purchase_object\"><select class=\"wpcf7-form-control wpcf7-select wpcf7-validates-as-required\" aria-required=\"true\" aria-invalid=\"false\" name=\"purchase_object\"><option value=\"\">&#8212;Seleziona un&#039;opzione&#8212;<\/option><option value=\"Entr\u00e9e\">Entr\u00e9e<\/option><option value=\"Entr\u00e9e du groupe\">Entr\u00e9e du groupe<\/option><option value=\"Entr\u00e9e de l&#039;\u00e9cole\">Entr\u00e9e de l&#039;\u00e9cole<\/option><\/select><\/span><\/label>\n<\/p>\n<p><label> Date de la visite<br \/>\n<span class=\"wpcf7-form-control-wrap\" data-name=\"visit_date\"><input class=\"wpcf7-form-control wpcf7-date wpcf7-validates-as-required wpcf7-validates-as-date\" aria-required=\"true\" aria-invalid=\"false\" value=\"\" type=\"date\" name=\"visit_date\" \/><\/span> <\/label>\n<\/p>\n<p><label> Nom et pr\u00e9nom<br \/>\n<span class=\"wpcf7-form-control-wrap\" data-name=\"issuer_name\"><input size=\"40\" maxlength=\"400\" class=\"wpcf7-form-control wpcf7-text wpcf7-validates-as-required\" aria-required=\"true\" aria-invalid=\"false\" value=\"\" type=\"text\" name=\"issuer_name\" \/><\/span> <\/label>\n<\/p>\n<p><label> Email<br \/>\n<span class=\"wpcf7-form-control-wrap\" data-name=\"email\"><input size=\"40\" maxlength=\"400\" class=\"wpcf7-form-control wpcf7-email wpcf7-validates-as-required wpcf7-text wpcf7-validates-as-email\" aria-required=\"true\" aria-invalid=\"false\" value=\"\" type=\"email\" name=\"email\" \/><\/span> <\/label>\n<\/p>\n<p><label> Code de r\u00e9servation<br \/>\n<span class=\"wpcf7-form-control-wrap\" data-name=\"subject\"><input size=\"40\" maxlength=\"400\" class=\"wpcf7-form-control wpcf7-text\" aria-invalid=\"false\" value=\"\" type=\"text\" name=\"subject\" \/><\/span> <\/label>\n<\/p>\n<p><label> Cat\u00e9gorie <\/label><br \/>\n<span class=\"wpcf7-form-control-wrap\" data-name=\"category\"><span class=\"wpcf7-form-control wpcf7-radio\"><span class=\"wpcf7-list-item first\"><label><input type=\"radio\" name=\"category\" value=\"R\u00e9cup\u00e9ration de ticket\" checked=\"checked\" \/><span class=\"wpcf7-list-item-label\">R\u00e9cup\u00e9ration de ticket<\/span><\/label><\/span><span class=\"wpcf7-list-item\"><label><input type=\"radio\" name=\"category\" value=\"Paiement\" \/><span class=\"wpcf7-list-item-label\">Paiement<\/span><\/label><\/span><span class=\"wpcf7-list-item\"><label><input type=\"radio\" name=\"category\" value=\"V\u00e9rification d&#039;achat\" \/><span class=\"wpcf7-list-item-label\">V\u00e9rification d&#039;achat<\/span><\/label><\/span><span class=\"wpcf7-list-item\"><label><input type=\"radio\" name=\"category\" value=\"Demande de facture\" \/><span class=\"wpcf7-list-item-label\">Demande de facture<\/span><\/label><\/span><span class=\"wpcf7-list-item\"><label><input type=\"radio\" name=\"category\" value=\"Int\u00e9gration du guide audio\" \/><span class=\"wpcf7-list-item-label\">Int\u00e9gration du guide audio<\/span><\/label><\/span><span class=\"wpcf7-list-item last\"><label><input type=\"radio\" name=\"category\" value=\"R\u00e9clamations\" \/><span class=\"wpcf7-list-item-label\">R\u00e9clamations<\/span><\/label><\/span><\/span><\/span>\n<\/p>\n<p><label> Message<br \/>\n<span class=\"wpcf7-form-control-wrap\" data-name=\"message\"><textarea cols=\"40\" rows=\"10\" maxlength=\"2000\" class=\"wpcf7-form-control wpcf7-textarea\" aria-invalid=\"false\" name=\"message\"><\/textarea><\/span> <\/label>\n<\/p>\n<p><input class=\"wpcf7-form-control wpcf7-submit has-spinner\" type=\"submit\" value=\"Envoyer\" \/>\n<\/p><div class=\"wpcf7-response-output\" aria-hidden=\"true\"><\/div>\n<\/form>\n<\/div>\n<\/p>\n<div class=\"button-container\"><a class=\"entry-button cta-button\" href=\"https:\/\/ticket.museosansevero.it\/fr\/?page_id=11320\">En savoir plus<\/a><\/div>","protected":false},"excerpt":{"rendered":"Cat\u00e9gorie Billets &#8212;Seleziona un&#039;opzione&#8212;Entr\u00e9eEntr\u00e9e du groupeEntr\u00e9e de l&#039;\u00e9cole Date de la visite Nom et pr\u00e9nom Email Code de r\u00e9servation Cat\u00e9gorie R\u00e9cup\u00e9ration de ticketPaiementV\u00e9rification d&#039;achatDemande de factureInt\u00e9gration du guide audioR\u00e9clamations Message","protected":false},"author":3,"featured_media":0,"parent":0,"menu_order":0,"comment_status":"closed","ping_status":"closed","template":"","meta":{"_acf_changed":false,"footnotes":""},"class_list":["post-8769","page","type-page","status-publish","h-entry","hentry","h-as-page"],"acf":[],"_links":{"self":[{"href":"https:\/\/ticket.museosansevero.it\/fr\/wp-json\/wp\/v2\/pages\/8769","targetHints":{"allow":["GET"]}}],"collection":[{"href":"https:\/\/ticket.museosansevero.it\/fr\/wp-json\/wp\/v2\/pages"}],"about":[{"href":"https:\/\/ticket.museosansevero.it\/fr\/wp-json\/wp\/v2\/types\/page"}],"author":[{"embeddable":true,"href":"https:\/\/ticket.museosansevero.it\/fr\/wp-json\/wp\/v2\/users\/3"}],"replies":[{"embeddable":true,"href":"https:\/\/ticket.museosansevero.it\/fr\/wp-json\/wp\/v2\/comments?post=8769"}],"version-history":[{"count":5,"href":"https:\/\/ticket.museosansevero.it\/fr\/wp-json\/wp\/v2\/pages\/8769\/revisions"}],"predecessor-version":[{"id":10398,"href":"https:\/\/ticket.museosansevero.it\/fr\/wp-json\/wp\/v2\/pages\/8769\/revisions\/10398"}],"wp:attachment":[{"href":"https:\/\/ticket.museosansevero.it\/fr\/wp-json\/wp\/v2\/media?parent=8769"}],"curies":[{"name":"wp","href":"https:\/\/api.w.org\/{rel}","templated":true}]}}